{"id":2500,"date":"2025-10-10T09:13:45","date_gmt":"2025-10-10T13:13:45","guid":{"rendered":"http:\/\/garderieimagination.com\/open-house\/"},"modified":"2025-11-10T12:45:03","modified_gmt":"2025-11-10T17:45:03","slug":"portes-ouvertes","status":"publish","type":"page","link":"http:\/\/garderieimagination.com\/fr\/portes-ouvertes\/","title":{"rendered":"Portes ouvertes"},"content":{"rendered":"<p>[vc_row][vc_column width=\u00a0\u00bb1\/2&Prime;][vc_column_text]D\u00e9couvrez la <strong>Garderie Imagination<\/strong> lors de notre <strong>Portes ouvertes<\/strong>.<\/p>\n<p><strong>Le 22 novembre, de 9 h 30 \u00e0 11 h 30<\/strong><\/p>\n<p>\u00ab Nous enseignons la gentillesse. Nous pratiquons l\u2019amour. Nous accueillons tout le monde. \u00bb<\/p>\n<p>\u00ab L\u00e0 o\u00f9 la gentillesse s\u2019enseigne, l\u2019inclusion se vit, et chaque voix est entendue. \u00bb[\/vc_column_text]<div class=\"grve-empty-space grve-height-1x\"><\/div><div class=\"grve-element grve-image grve-align-center\">\r\n\t<div class=\"grve-image-item\">\r\n\t\t\r\n\r\n<div class=\"grve-image-wrapper grve-no-effect\">\r\n\t\t<div class=\"grve-thumbnail-wrapper\"  style=\"width: 1545px;\"><div class=\"grve-thumbnail\"  style=\"padding-top: 129.45%;\"><img fetchpriority=\"high\" decoding=\"async\" width=\"1545\" height=\"2000\" src=\"http:\/\/garderieimagination.com\/wp-content\/uploads\/2025\/11\/open-house-2.png\" class=\"attachment-full size-full\" alt=\"\" data-column-space=\"auto\" data-lazyload=\"\" data-grve-filter=\"yes\" srcset=\"http:\/\/garderieimagination.com\/wp-content\/uploads\/2025\/11\/open-house-2.png 1545w, http:\/\/garderieimagination.com\/wp-content\/uploads\/2025\/11\/open-house-2-232x300.png 232w, http:\/\/garderieimagination.com\/wp-content\/uploads\/2025\/11\/open-house-2-791x1024.png 791w, http:\/\/garderieimagination.com\/wp-content\/uploads\/2025\/11\/open-house-2-768x994.png 768w, http:\/\/garderieimagination.com\/wp-content\/uploads\/2025\/11\/open-house-2-1187x1536.png 1187w\" sizes=\"(max-width: 1545px) 100vw, 1545px\" \/><\/div><\/div>\t<\/div>\r\n\t<\/div>\r\n<\/div>\r\n[\/vc_column][vc_column width=\u00a0\u00bb1\/2&Prime;]\n<div class=\"wpcf7 no-js\" id=\"wpcf7-f2391-o1\" lang=\"en-US\" dir=\"ltr\" data-wpcf7-id=\"2391\">\n<div class=\"screen-reader-response\"><p role=\"status\" aria-live=\"polite\" aria-atomic=\"true\"><\/p> <ul><\/ul><\/div>\n<form action=\"\/fr\/wp-json\/wp\/v2\/pages\/2500#wpcf7-f2391-o1\" method=\"post\" class=\"wpcf7-form init\" aria-label=\"Contact form\" novalidate=\"novalidate\" data-status=\"init\">\n<fieldset class=\"hidden-fields-container\"><input type=\"hidden\" name=\"_wpcf7\" value=\"2391\" \/><input type=\"hidden\" name=\"_wpcf7_version\" value=\"6.1.4\" \/><input type=\"hidden\" name=\"_wpcf7_locale\" value=\"en_US\" \/><input type=\"hidden\" name=\"_wpcf7_unit_tag\" value=\"wpcf7-f2391-o1\" \/><input type=\"hidden\" name=\"_wpcf7_container_post\" value=\"0\" \/><input type=\"hidden\" name=\"_wpcf7_posted_data_hash\" value=\"\" \/><input type=\"hidden\" name=\"_wpcf7_recaptcha_response\" value=\"\" \/>\n<\/fieldset>\n<p><label> Nom complet du parent<br \/>\n<span class=\"wpcf7-form-control-wrap\" data-name=\"your-name\"><input size=\"40\" maxlength=\"400\" class=\"wpcf7-form-control wpcf7-text wpcf7-validates-as-required\" autocomplete=\"name\" aria-required=\"true\" aria-invalid=\"false\" value=\"\" type=\"text\" name=\"your-name\" \/><\/span> <\/label>\n<\/p>\n<p><label> Votre courriel<br \/>\n<span class=\"wpcf7-form-control-wrap\" data-name=\"your-email\"><input size=\"40\" maxlength=\"400\" class=\"wpcf7-form-control wpcf7-email wpcf7-validates-as-required wpcf7-text wpcf7-validates-as-email\" autocomplete=\"email\" aria-required=\"true\" aria-invalid=\"false\" value=\"\" type=\"email\" name=\"your-email\" \/><\/span> <\/label>\n<\/p>\n<p><label> Num\u00e9ro de t\u00e9l\u00e9phone<span class=\"wpcf7-form-control-wrap\" data-name=\"tel-162\"><input size=\"40\" maxlength=\"400\" class=\"wpcf7-form-control wpcf7-tel wpcf7-text wpcf7-validates-as-tel\" aria-invalid=\"false\" value=\"\" type=\"tel\" name=\"tel-162\" \/><\/span><br \/>\n<\/label>\n<\/p>\n<p><label> Sujet<br \/>\n<span class=\"wpcf7-form-control-wrap\" data-name=\"your-subject\"><input size=\"40\" maxlength=\"400\" class=\"wpcf7-form-control wpcf7-text wpcf7-validates-as-required\" aria-required=\"true\" aria-invalid=\"false\" value=\"\" type=\"text\" name=\"your-subject\" \/><\/span> <\/label>\n<\/p>\n<p><label> Date de naissance de l\u2019enfant<span class=\"wpcf7-form-control-wrap\" data-name=\"dob\"><input class=\"wpcf7-form-control wpcf7-date wpcf7-validates-as-date\" aria-invalid=\"false\" value=\"\" type=\"date\" name=\"dob\" \/><\/span><br \/>\n<\/label>\n<\/p>\n<p>Cherchez-vous une inscription \u00e0 temps plein ou \u00e0 temps partiel?\n<\/p>\n<p><span class=\"wpcf7-form-control-wrap\" data-name=\"radio-33\"><span class=\"wpcf7-form-control wpcf7-radio\"><span class=\"wpcf7-list-item first\"><label><input type=\"radio\" name=\"radio-33\" value=\"Temps plein\" \/><span class=\"wpcf7-list-item-label\">Temps plein<\/span><\/label><\/span><span class=\"wpcf7-list-item last\"><label><input type=\"radio\" name=\"radio-33\" value=\"Temps partiel\" \/><span class=\"wpcf7-list-item-label\">Temps partiel<\/span><\/label><\/span><\/span><\/span>\n<\/p>\n<p>\u00c0 quelles langues aimeriez-vous que votre enfant soit expos\u00e9??<br \/>\n<span class=\"wpcf7-form-control-wrap\" data-name=\"languages\"><span class=\"wpcf7-form-control wpcf7-checkbox\"><span class=\"wpcf7-list-item first\"><label><input type=\"checkbox\" name=\"languages[]\" value=\"Anglais\" \/><span class=\"wpcf7-list-item-label\">Anglais<\/span><\/label><\/span><span class=\"wpcf7-list-item\"><label><input type=\"checkbox\" name=\"languages[]\" value=\"Fran\u00e7ais\" \/><span class=\"wpcf7-list-item-label\">Fran\u00e7ais<\/span><\/label><\/span><span class=\"wpcf7-list-item\"><label><input type=\"checkbox\" name=\"languages[]\" value=\"Mandarin\" \/><span class=\"wpcf7-list-item-label\">Mandarin<\/span><\/label><\/span><span class=\"wpcf7-list-item last\"><label><input type=\"checkbox\" name=\"languages[]\" value=\"Other\" \/><span class=\"wpcf7-list-item-label\">Other<\/span><\/label><\/span><\/span><\/span>\n<\/p>\n<p><label>Date approximative d\u2019inscription pr\u00e9vue ::<br \/>\n<span class=\"wpcf7-form-control-wrap\" data-name=\"startdate\"><input class=\"wpcf7-form-control wpcf7-date wpcf7-validates-as-date\" aria-invalid=\"false\" value=\"\" type=\"date\" name=\"startdate\" \/><\/span><\/label>\n<\/p>\n<p><label> Votre message (optionnel)<br \/>\n<span class=\"wpcf7-form-control-wrap\" data-name=\"your-message\"><textarea cols=\"40\" rows=\"10\" maxlength=\"2000\" class=\"wpcf7-form-control wpcf7-textarea\" aria-invalid=\"false\" name=\"your-message\"><\/textarea><\/span> <\/label>\n<\/p>\n<p><input class=\"wpcf7-form-control wpcf7-submit has-spinner\" type=\"submit\" value=\"Envoyer le message\" \/>\n<\/p><div class=\"wpcf7-response-output\" aria-hidden=\"true\"><\/div>\n<\/form>\n<\/div>\n[\/vc_column][\/vc_row]<\/p>\n","protected":false},"excerpt":{"rendered":"<p>[vc_row][vc_column width=\u00a0\u00bb1\/2&Prime;][vc_column_text]D\u00e9couvrez la Garderie Imagination lors de notre Portes ouvertes. Le 22 novembre, de 9 h 30 \u00e0 11 h 30 \u00ab Nous enseignons la gentillesse. Nous pratiquons l\u2019amour. Nous accueillons tout le monde. \u00bb \u00ab L\u00e0 o\u00f9 la gentillesse s\u2019enseigne, l\u2019inclusion se vit, et chaque voix est entendue. \u00bb[\/vc_column_text][\/vc_column][vc_column width=\u00a0\u00bb1\/2&Prime;][\/vc_column][\/vc_row]<\/p>\n","protected":false},"author":1,"featured_media":0,"parent":0,"menu_order":0,"comment_status":"closed","ping_status":"closed","template":"","meta":{"content-type":"","footnotes":""},"class_list":["post-2500","page","type-page","status-publish","hentry","grve-entry-item"],"_links":{"self":[{"href":"http:\/\/garderieimagination.com\/fr\/wp-json\/wp\/v2\/pages\/2500","targetHints":{"allow":["GET"]}}],"collection":[{"href":"http:\/\/garderieimagination.com\/fr\/wp-json\/wp\/v2\/pages"}],"about":[{"href":"http:\/\/garderieimagination.com\/fr\/wp-json\/wp\/v2\/types\/page"}],"author":[{"embeddable":true,"href":"http:\/\/garderieimagination.com\/fr\/wp-json\/wp\/v2\/users\/1"}],"replies":[{"embeddable":true,"href":"http:\/\/garderieimagination.com\/fr\/wp-json\/wp\/v2\/comments?post=2500"}],"version-history":[{"count":4,"href":"http:\/\/garderieimagination.com\/fr\/wp-json\/wp\/v2\/pages\/2500\/revisions"}],"predecessor-version":[{"id":2528,"href":"http:\/\/garderieimagination.com\/fr\/wp-json\/wp\/v2\/pages\/2500\/revisions\/2528"}],"wp:attachment":[{"href":"http:\/\/garderieimagination.com\/fr\/wp-json\/wp\/v2\/media?parent=2500"}],"curies":[{"name":"wp","href":"https:\/\/api.w.org\/{rel}","templated":true}]}}