{"id":2492,"date":"2025-11-04T10:04:22","date_gmt":"2025-11-04T15:04:22","guid":{"rendered":"http:\/\/garderieimagination.com\/childcare-tax-credit\/"},"modified":"2025-11-06T08:26:21","modified_gmt":"2025-11-06T13:26:21","slug":"credit-dimpot-pour-frais-de-garde-denfants","status":"publish","type":"page","link":"http:\/\/garderieimagination.com\/fr\/credit-dimpot-pour-frais-de-garde-denfants\/","title":{"rendered":"Cr\u00e9dit d\u2019imp\u00f4t"},"content":{"rendered":"<p>[vc_row][vc_column width=\u00a0\u00bb2\/3&Prime;][vc_column_text]<\/p>\n<h2 class=\"ewa-rteLine\">Cr\u00e9dit d\u2019imp\u00f4t pour frais de garde d\u2019enfants<\/h2>\n<div><\/div>\n<div class=\"ewa-rteLine\">Si votre enfant fr\u00e9quente Garderie Imagination, vous pouvez b\u00e9n\u00e9ficier du cr\u00e9dit d\u2019imp\u00f4t pour frais de garde d\u2019enfants.<\/div>\n<div class=\"ewa-rteLine\"><\/div>\n<div class=\"ewa-rteLine\">Comment \u00e7a fonctionne :<\/div>\n<div class=\"ewa-rteLine\">\u2022 Vous payez les frais de garde pendant l\u2019ann\u00e9e.\u2028\u2022 Nous \u00e9mettons un relev\u00e9 RL-24 indiquant le montant pay\u00e9. Nous vous fournirons ce formulaire.\u2028\u2022 Vous produisez votre d\u00e9claration de revenus du Qu\u00e9bec et r\u00e9clamez le cr\u00e9dit (ou demandez les versements anticip\u00e9s).\u2028\u2022 Le montant que vous recevrez d\u00e9pend de votre revenu et des d\u00e9penses admissibles.<\/div>\n<div class=\"ewa-rteLine\"><\/div>\n<div class=\"ewa-rteLine\">Vous souhaitez estimer votre avantage ?<\/div>\n<div class=\"ewa-rteLine\">Utilisez le calculateur ci-dessous pour voir comment le cr\u00e9dit d\u2019imp\u00f4t peut r\u00e9duire votre co\u00fbt net de garde d\u2019enfants.<\/div>\n<div class=\"ewa-rteLine\">Pour conna\u00eetre tous les d\u00e9tails d\u2019admissibilit\u00e9, visitez la page Web de Revenu Qu\u00e9bec :\u2028https:\/\/www.finances.gouv.qc.ca\/department\/tools_services\/calculators\/daily_childcare_cost\/tool_childcare.asp<\/div>\n<p>[\/vc_column_text][vc_row_inner][vc_column_inner]<div class=\"grve-empty-space grve-height-1x\"><\/div>[\/vc_column_inner][\/vc_row_inner]<div class=\"grve-element grve-align-inherit\"><a href=\"https:\/\/www.finances.gouv.qc.ca\/ministere\/outils_services\/outils_calcul\/cout_garde_quotidien\/outil_garde.asp\" target=\"_blank\" class=\"grve-btn grve-square grve-bg-primary-1 grve-border-primary-1 grve-bg-hover-black grve-border-hover-black grve-text-white grve-text-hover-white grve-btn-medium\">\r\n\t\t<span>Plus de d\u00e9tails<\/span>\r\n\t\t\t\t\t\t\t<\/a><\/div><div class=\"grve-empty-space grve-height-1x\"><\/div>[\/vc_column][vc_column width=\u00a0\u00bb1\/3&Prime;]<div class=\"grve-empty-space grve-height-2x\"><\/div><div class=\"grve-element grve-image grve-align-center\">\r\n\t<div class=\"grve-image-item\">\r\n\t\t\r\n\r\n<div class=\"grve-image-wrapper grve-no-effect\">\r\n\t\t<div class=\"grve-thumbnail-wrapper\"  style=\"width: 1080px;\"><div class=\"grve-thumbnail\"  style=\"padding-top: 100%;\"><img fetchpriority=\"high\" decoding=\"async\" width=\"1080\" height=\"1080\" src=\"http:\/\/garderieimagination.com\/wp-content\/uploads\/2025\/11\/Childcare-2.png\" class=\"attachment-full size-full\" alt=\"\" data-column-space=\"auto\" data-lazyload=\"\" data-grve-filter=\"yes\" srcset=\"http:\/\/garderieimagination.com\/wp-content\/uploads\/2025\/11\/Childcare-2.png 1080w, http:\/\/garderieimagination.com\/wp-content\/uploads\/2025\/11\/Childcare-2-300x300.png 300w, http:\/\/garderieimagination.com\/wp-content\/uploads\/2025\/11\/Childcare-2-1024x1024.png 1024w, http:\/\/garderieimagination.com\/wp-content\/uploads\/2025\/11\/Childcare-2-150x150.png 150w, http:\/\/garderieimagination.com\/wp-content\/uploads\/2025\/11\/Childcare-2-768x768.png 768w, http:\/\/garderieimagination.com\/wp-content\/uploads\/2025\/11\/Childcare-2-560x560.png 560w, http:\/\/garderieimagination.com\/wp-content\/uploads\/2025\/11\/Childcare-2-900x900.png 900w\" sizes=\"(max-width: 1080px) 100vw, 1080px\" \/><\/div><\/div>\t<\/div>\r\n\t<\/div>\r\n<\/div>\r\n[\/vc_column][\/vc_row]<\/p>\n","protected":false},"excerpt":{"rendered":"<p>[vc_row][vc_column width=\u00a0\u00bb2\/3&Prime;][vc_column_text] Cr\u00e9dit d\u2019imp\u00f4t pour frais de garde d\u2019enfants Si votre enfant fr\u00e9quente Garderie Imagination, vous pouvez b\u00e9n\u00e9ficier du cr\u00e9dit d\u2019imp\u00f4t pour frais de garde d\u2019enfants. Comment \u00e7a fonctionne : \u2022 Vous payez les frais de garde pendant l\u2019ann\u00e9e.\u2028\u2022 Nous \u00e9mettons un relev\u00e9 RL-24 indiquant le montant pay\u00e9. Nous vous fournirons ce formulaire.\u2028\u2022 Vous produisez [&hellip;]<\/p>\n","protected":false},"author":1,"featured_media":0,"parent":0,"menu_order":0,"comment_status":"closed","ping_status":"closed","template":"","meta":{"content-type":"","footnotes":""},"class_list":["post-2492","page","type-page","status-publish","hentry","grve-entry-item"],"_links":{"self":[{"href":"http:\/\/garderieimagination.com\/fr\/wp-json\/wp\/v2\/pages\/2492","targetHints":{"allow":["GET"]}}],"collection":[{"href":"http:\/\/garderieimagination.com\/fr\/wp-json\/wp\/v2\/pages"}],"about":[{"href":"http:\/\/garderieimagination.com\/fr\/wp-json\/wp\/v2\/types\/page"}],"author":[{"embeddable":true,"href":"http:\/\/garderieimagination.com\/fr\/wp-json\/wp\/v2\/users\/1"}],"replies":[{"embeddable":true,"href":"http:\/\/garderieimagination.com\/fr\/wp-json\/wp\/v2\/comments?post=2492"}],"version-history":[{"count":4,"href":"http:\/\/garderieimagination.com\/fr\/wp-json\/wp\/v2\/pages\/2492\/revisions"}],"predecessor-version":[{"id":2514,"href":"http:\/\/garderieimagination.com\/fr\/wp-json\/wp\/v2\/pages\/2492\/revisions\/2514"}],"wp:attachment":[{"href":"http:\/\/garderieimagination.com\/fr\/wp-json\/wp\/v2\/media?parent=2492"}],"curies":[{"name":"wp","href":"https:\/\/api.w.org\/{rel}","templated":true}]}}