{"id":2329,"date":"2022-07-18T15:44:56","date_gmt":"2022-07-18T19:44:56","guid":{"rendered":"http:\/\/garderieimagination.com\/get-in-touch\/"},"modified":"2023-08-01T12:42:11","modified_gmt":"2023-08-01T16:42:11","slug":"entrer-en-contact","status":"publish","type":"page","link":"http:\/\/garderieimagination.com\/fr\/entrer-en-contact\/","title":{"rendered":"Entrer en contact"},"content":{"rendered":"<p>[vc_row][vc_column][vc_row_inner][vc_column_inner]<div class=\"grve-empty-space grve-height-1x\"><\/div>[\/vc_column_inner][\/vc_row_inner][\/vc_column][\/vc_row][vc_row][vc_column width=\u00a0\u00bb1\/2&Prime;][vc_column_text]Veuillez nous contacter afin qu\u2019on puisse vous inviter a visiter nos centres; nous serions ravis de vous rencontrer.[\/vc_column_text]<div class=\"grve-empty-space grve-height-1x\"><\/div><div class=\"grve-element grve-image grve-align-center\">\r\n\t<div class=\"grve-image-item\">\r\n\t\t\r\n\r\n<div class=\"grve-image-wrapper grve-shadow-large grve-no-effect\">\r\n\t\t<div class=\"grve-thumbnail-wrapper\"  style=\"width: 1200px;\"><div class=\"grve-thumbnail\"  style=\"padding-top: 66.667%;\"><img fetchpriority=\"high\" decoding=\"async\" width=\"1200\" height=\"800\" src=\"http:\/\/garderieimagination.com\/wp-content\/uploads\/2022\/07\/6A3A8288-F.jpg\" class=\"attachment-full size-full\" alt=\"\" data-column-space=\"auto\" data-lazyload=\"\" data-grve-filter=\"yes\" srcset=\"http:\/\/garderieimagination.com\/wp-content\/uploads\/2022\/07\/6A3A8288-F.jpg 1200w, http:\/\/garderieimagination.com\/wp-content\/uploads\/2022\/07\/6A3A8288-F-300x200.jpg 300w, http:\/\/garderieimagination.com\/wp-content\/uploads\/2022\/07\/6A3A8288-F-1024x683.jpg 1024w, http:\/\/garderieimagination.com\/wp-content\/uploads\/2022\/07\/6A3A8288-F-768x512.jpg 768w, http:\/\/garderieimagination.com\/wp-content\/uploads\/2022\/07\/6A3A8288-F-600x400.jpg 600w\" sizes=\"(max-width: 1200px) 100vw, 1200px\" \/><\/div><\/div>\t<\/div>\r\n\t<\/div>\r\n<\/div>\r\n<div class=\"grve-empty-space grve-height-1x\"><\/div><blockquote class=\"grve-element grve-quote-element grve-align-inherit\"><p>\u00ab Vous ne pouvez pas \u00e9puisez votre cr\u00e9ativit\u00e9,<br \/>\nPlus vous y consacrez, plus vous en auriez.\u00bb<\/p>\n<p>&#8211; Maya Angelou<\/p><\/blockquote>[\/vc_column][vc_column width=\u00a0\u00bb1\/2&Prime;]\n<div class=\"wpcf7 no-js\" id=\"wpcf7-f2327-o1\" lang=\"en\" dir=\"ltr\" data-wpcf7-id=\"2327\">\n<div class=\"screen-reader-response\"><p role=\"status\" aria-live=\"polite\" aria-atomic=\"true\"><\/p> <ul><\/ul><\/div>\n<form action=\"\/fr\/wp-json\/wp\/v2\/pages\/2329#wpcf7-f2327-o1\" method=\"post\" class=\"wpcf7-form init\" aria-label=\"Formulaire de contact\" novalidate=\"novalidate\" data-status=\"init\">\n<fieldset class=\"hidden-fields-container\"><input type=\"hidden\" name=\"_wpcf7\" value=\"2327\" \/><input type=\"hidden\" name=\"_wpcf7_version\" value=\"6.1.4\" \/><input type=\"hidden\" name=\"_wpcf7_locale\" value=\"en\" \/><input type=\"hidden\" name=\"_wpcf7_unit_tag\" value=\"wpcf7-f2327-o1\" \/><input type=\"hidden\" name=\"_wpcf7_container_post\" value=\"0\" \/><input type=\"hidden\" name=\"_wpcf7_posted_data_hash\" value=\"\" \/><input type=\"hidden\" name=\"_wpcf7_recaptcha_response\" value=\"\" \/>\n<\/fieldset>\n<p><label> Votre nom<br \/>\n<span class=\"wpcf7-form-control-wrap\" data-name=\"your-name\"><input size=\"40\" maxlength=\"400\" class=\"wpcf7-form-control wpcf7-text wpcf7-validates-as-required\" aria-required=\"true\" aria-invalid=\"false\" value=\"\" type=\"text\" name=\"your-name\" \/><\/span> <\/label>\n<\/p>\n<p><label> Votre courriel<br \/>\n<span class=\"wpcf7-form-control-wrap\" data-name=\"your-email\"><input size=\"40\" maxlength=\"400\" class=\"wpcf7-form-control wpcf7-email wpcf7-validates-as-required wpcf7-text wpcf7-validates-as-email\" aria-required=\"true\" aria-invalid=\"false\" value=\"\" type=\"email\" name=\"your-email\" \/><\/span> <\/label>\n<\/p>\n<p><label> Sujet<br \/>\n<span class=\"wpcf7-form-control-wrap\" data-name=\"your-subject\"><input size=\"40\" maxlength=\"400\" class=\"wpcf7-form-control wpcf7-text wpcf7-validates-as-required\" aria-required=\"true\" aria-invalid=\"false\" value=\"\" type=\"text\" name=\"your-subject\" \/><\/span> <\/label>\n<\/p>\n<p> Votre emplacement de chpix:\n<\/p>\n<p><span class=\"wpcf7-form-control-wrap\" data-name=\"Location\"><select class=\"wpcf7-form-control wpcf7-select wpcf7-validates-as-required\" aria-required=\"true\" aria-invalid=\"false\" name=\"Location\"><option value=\"DIX30\">DIX30<\/option><option value=\"DUKE\">DUKE<\/option><option value=\"OUEST\">OUEST<\/option><\/select><\/span>\n<\/p>\n<p><label> VOTRE MESSAGE (facultatif)<br \/>\n<span class=\"wpcf7-form-control-wrap\" data-name=\"your-message\"><textarea cols=\"40\" rows=\"10\" maxlength=\"2000\" class=\"wpcf7-form-control wpcf7-textarea\" aria-invalid=\"false\" name=\"your-message\"><\/textarea><\/span> <\/label>\n<\/p>\n<p><input class=\"wpcf7-form-control wpcf7-submit has-spinner\" type=\"submit\" value=\"Soumettre\" \/>\n<\/p><div class=\"wpcf7-response-output\" aria-hidden=\"true\"><\/div>\n<\/form>\n<\/div>\n[\/vc_column][\/vc_row][vc_row][vc_column]<div class=\"grve-element grve-image grve-align-center\">\r\n\t<div class=\"grve-image-item\">\r\n\t\t\r\n\r\n<div class=\"grve-image-wrapper grve-no-effect\">\r\n\t\t<div class=\"grve-thumbnail-wrapper\"  style=\"width: 1200px;\"><div class=\"grve-thumbnail\"  style=\"padding-top: 65.833%;\"><img decoding=\"async\" width=\"1200\" height=\"790\" src=\"http:\/\/garderieimagination.com\/wp-content\/uploads\/2022\/07\/6A3A7913-F2.jpg\" class=\"attachment-full size-full\" alt=\"\" data-column-space=\"auto\" data-lazyload=\"\" data-grve-filter=\"yes\" srcset=\"http:\/\/garderieimagination.com\/wp-content\/uploads\/2022\/07\/6A3A7913-F2.jpg 1200w, http:\/\/garderieimagination.com\/wp-content\/uploads\/2022\/07\/6A3A7913-F2-300x198.jpg 300w, http:\/\/garderieimagination.com\/wp-content\/uploads\/2022\/07\/6A3A7913-F2-1024x674.jpg 1024w, http:\/\/garderieimagination.com\/wp-content\/uploads\/2022\/07\/6A3A7913-F2-768x506.jpg 768w, http:\/\/garderieimagination.com\/wp-content\/uploads\/2022\/07\/6A3A7913-F2-600x395.jpg 600w\" sizes=\"(max-width: 1200px) 100vw, 1200px\" \/><\/div><\/div>\t<\/div>\r\n\t<\/div>\r\n<\/div>\r\n[\/vc_column][\/vc_row][vc_row][vc_column][vc_column_text][\/vc_column_text][\/vc_column][\/vc_row][vc_row][vc_column width=\u00a0\u00bb1\/3&Prime;][vc_column_text]<\/p>\n<div style=\"text-align: center;\"><em><strong>Garderie Imagination DIX30<\/strong><\/em><\/div>\n<div style=\"text-align: center;\">7200 boul. du Quartier, suite 200<\/div>\n<div style=\"text-align: center;\">Brossard (QC)<\/div>\n<div style=\"text-align: center;\">J4Y 0B5<\/div>\n<div style=\"text-align: center;\">450-904-7200<\/div>\n<p>[\/vc_column_text]<div class=\"grve-empty-space grve-height-1x\"><\/div><div class=\"grve-element grve-align-center\"><a href=\"mailto:office_dix30@garderie-imagination.com\" title=\"Email\" target=\"_blank\" class=\"grve-btn grve-btn-outline grve-square grve-border-primary-1 grve-bg-hover-black grve-border-hover-black grve-text-primary-1 grve-text-hover-white grve-btn-medium grve-with-icon\">\r\n\t\t<div class=\"grve-btn-inner\">\r\n\t\t<span>COURRIEL<\/span>\r\n\t\t\t\t\t\t\t<div class=\"grve-btn-icon\">\r\n\t\t\t<span class=\"grve-icon far fa-envelope\"><\/span>\r\n\t\t<\/div>\r\n\t\t\t\t\t<\/div>\r\n\t<\/a><\/div>[\/vc_column][vc_column width=\u00a0\u00bb1\/3&Prime;][vc_column_text]<\/p>\n<div style=\"text-align: center;\"><em><strong>Garderie Imagination DUKE<\/strong><\/em><\/div>\n<div style=\"text-align: center;\">351 Robert-Bourassa<\/div>\n<div style=\"text-align: center;\">Montreal (QC)<\/div>\n<div style=\"text-align: center;\">H3C 2M3<\/div>\n<div style=\"text-align: center;\">514-789-0656<\/div>\n<p>[\/vc_column_text]<div class=\"grve-empty-space grve-height-1x\"><\/div><div class=\"grve-element grve-align-center\"><a href=\"mailto:office_duke@garderie-imagination.com\" title=\"Email\" target=\"_blank\" class=\"grve-btn grve-btn-outline grve-square grve-border-primary-1 grve-bg-hover-black grve-border-hover-black grve-text-primary-1 grve-text-hover-white grve-btn-medium grve-with-icon\">\r\n\t\t<div class=\"grve-btn-inner\">\r\n\t\t<span>COURRIEL<\/span>\r\n\t\t\t\t\t\t\t<div class=\"grve-btn-icon\">\r\n\t\t\t<span class=\"grve-icon far fa-envelope\"><\/span>\r\n\t\t<\/div>\r\n\t\t\t\t\t<\/div>\r\n\t<\/a><\/div>[\/vc_column][vc_column width=\u00a0\u00bb1\/3&Prime;][vc_column_text]<\/p>\n<div style=\"text-align: center;\"><em><strong>Garderie Imagination OUEST<\/strong><\/em><\/div>\n<div style=\"text-align: center;\">1040 Lacasse,<\/div>\n<div style=\"text-align: center;\">Montreal (QC)<\/div>\n<div style=\"text-align: center;\">H4C 2Z3<\/div>\n<div style=\"text-align: center;\">514-419-9939<\/div>\n<p>[\/vc_column_text]<div class=\"grve-empty-space grve-height-1x\"><\/div><div class=\"grve-element grve-align-center\"><a href=\"mailto:office_west@garderie-imagination.com\" title=\"Email\" target=\"_blank\" class=\"grve-btn grve-btn-outline grve-square grve-border-primary-1 grve-bg-hover-black grve-border-hover-black grve-text-primary-1 grve-text-hover-white grve-btn-medium grve-with-icon\">\r\n\t\t<div class=\"grve-btn-inner\">\r\n\t\t<span>COURRIEL<\/span>\r\n\t\t\t\t\t\t\t<div class=\"grve-btn-icon\">\r\n\t\t\t<span class=\"grve-icon far fa-envelope\"><\/span>\r\n\t\t<\/div>\r\n\t\t\t\t\t<\/div>\r\n\t<\/a><\/div>[\/vc_column][\/vc_row]<\/p>\n","protected":false},"excerpt":{"rendered":"<p>[vc_row][vc_column][vc_row_inner][vc_column_inner][\/vc_column_inner][\/vc_row_inner][\/vc_column][\/vc_row][vc_row][vc_column width=\u00a0\u00bb1\/2&Prime;][vc_column_text]Veuillez nous contacter afin qu\u2019on puisse vous inviter a visiter nos centres; nous serions ravis de vous rencontrer.[\/vc_column_text][\/vc_column][vc_column width=\u00a0\u00bb1\/2&Prime;][\/vc_column][\/vc_row][vc_row][vc_column][\/vc_column][\/vc_row][vc_row][vc_column][vc_column_text][\/vc_column_text][\/vc_column][\/vc_row][vc_row][vc_column width=\u00a0\u00bb1\/3&Prime;][vc_column_text] Garderie Imagination DIX30 7200 boul. du Quartier, suite 200 Brossard (QC) J4Y 0B5 450-904-7200 [\/vc_column_text][\/vc_column][vc_column width=\u00a0\u00bb1\/3&Prime;][vc_column_text] Garderie Imagination DUKE 351 Robert-Bourassa Montreal (QC) H3C 2M3 514-789-0656 [\/vc_column_text][\/vc_column][vc_column width=\u00a0\u00bb1\/3&Prime;][vc_column_text] Garderie Imagination OUEST 1040 Lacasse, Montreal [&hellip;]<\/p>\n","protected":false},"author":1,"featured_media":0,"parent":0,"menu_order":0,"comment_status":"closed","ping_status":"closed","template":"","meta":{"content-type":"","footnotes":""},"class_list":["post-2329","page","type-page","status-publish","hentry","grve-entry-item"],"_links":{"self":[{"href":"http:\/\/garderieimagination.com\/fr\/wp-json\/wp\/v2\/pages\/2329","targetHints":{"allow":["GET"]}}],"collection":[{"href":"http:\/\/garderieimagination.com\/fr\/wp-json\/wp\/v2\/pages"}],"about":[{"href":"http:\/\/garderieimagination.com\/fr\/wp-json\/wp\/v2\/types\/page"}],"author":[{"embeddable":true,"href":"http:\/\/garderieimagination.com\/fr\/wp-json\/wp\/v2\/users\/1"}],"replies":[{"embeddable":true,"href":"http:\/\/garderieimagination.com\/fr\/wp-json\/wp\/v2\/comments?post=2329"}],"version-history":[{"count":5,"href":"http:\/\/garderieimagination.com\/fr\/wp-json\/wp\/v2\/pages\/2329\/revisions"}],"predecessor-version":[{"id":2349,"href":"http:\/\/garderieimagination.com\/fr\/wp-json\/wp\/v2\/pages\/2329\/revisions\/2349"}],"wp:attachment":[{"href":"http:\/\/garderieimagination.com\/fr\/wp-json\/wp\/v2\/media?parent=2329"}],"curies":[{"name":"wp","href":"https:\/\/api.w.org\/{rel}","templated":true}]}}