{"id":2319,"date":"2021-01-16T14:25:20","date_gmt":"2021-01-16T19:25:20","guid":{"rendered":"http:\/\/garderieimagination.com\/about\/"},"modified":"2025-11-05T13:44:11","modified_gmt":"2025-11-05T18:44:11","slug":"a-propos","status":"publish","type":"page","link":"http:\/\/garderieimagination.com\/fr\/a-propos\/","title":{"rendered":"\u00c0 propos"},"content":{"rendered":"<p>[vc_row][vc_column]<div class=\"grve-element grve-image grve-align-center\">\r\n\t<div class=\"grve-image-item\">\r\n\t\t\r\n\r\n<div class=\"grve-image-wrapper grve-no-effect\">\r\n\t\t<div class=\"grve-thumbnail-wrapper\"  style=\"width: 1200px;\"><div class=\"grve-thumbnail\"  style=\"padding-top: 54.75%;\"><img fetchpriority=\"high\" decoding=\"async\" width=\"1200\" height=\"657\" src=\"http:\/\/garderieimagination.com\/wp-content\/uploads\/2022\/07\/6A3A0335-Edit.jpg\" class=\"attachment-full size-full\" alt=\"\" data-column-space=\"auto\" data-lazyload=\"\" data-grve-filter=\"yes\" srcset=\"http:\/\/garderieimagination.com\/wp-content\/uploads\/2022\/07\/6A3A0335-Edit.jpg 1200w, http:\/\/garderieimagination.com\/wp-content\/uploads\/2022\/07\/6A3A0335-Edit-300x164.jpg 300w, http:\/\/garderieimagination.com\/wp-content\/uploads\/2022\/07\/6A3A0335-Edit-1024x561.jpg 1024w, http:\/\/garderieimagination.com\/wp-content\/uploads\/2022\/07\/6A3A0335-Edit-768x420.jpg 768w, http:\/\/garderieimagination.com\/wp-content\/uploads\/2022\/07\/6A3A0335-Edit-600x329.jpg 600w\" sizes=\"(max-width: 1200px) 100vw, 1200px\" \/><\/div><\/div>\t<\/div>\r\n\t<\/div>\r\n<\/div>\r\n[\/vc_column][\/vc_row][vc_row][vc_column width=\u00a0\u00bb2\/3&Prime;]<blockquote data-animation=\"fade-in-right-big\" data-delay=\"1000\" data-duration=\"normal\" class=\"grve-element grve-quote-element grve-align-left grve-animated-item\"><p>\u00ab Le bonheur, l\u2019amour-propre, \u00eatre aim\u00e9 et appr\u00e9ci\u00e9, se sentir capable et utile; rev\u00eat une valeur formidable pour l\u2019\u00e2me.\u00bb<br \/>\n&#8211; Maria Montessori<\/p><\/blockquote>[\/vc_column][vc_column width=\u00a0\u00bb1\/3&Prime;][\/vc_column][\/vc_row][vc_row][vc_column][vc_column_text]<em><strong>\u00c9NONC\u00c9 DE MISSION<\/strong><\/em><\/p>\n<p>Nous vous accueillons en tant que parent, en tant qu\u2019enseignant , en tant que personne et en tant qu\u2019enfant. Vos c\u00f4t\u00e9s \u00e9motifs, intellectuels, curieux, prudents, courageux, timides ou gr\u00e9gaires, votre nature dans toutes ses couleurs.<\/p>\n<ul>\n<li>Nous vous initierons a la gentillesse, la bienveillance et a l\u2019inclusion.<\/li>\n<li>Nous serons honn\u00eate, ouverts et tol\u00e9rants<\/li>\n<li>Nous allons toujours essayer, que ca soit une prise, deux prise, trois prise et ainsi de suite, jusqu\u2019a ce que nous sommes tous a l\u2019aise.<\/li>\n<li>Nous \u00e9couterons, vous serez entendu et respectez.<\/li>\n<li>Nous allons exercer l\u2019amour<\/li>\n<\/ul>\n<p>[\/vc_column_text][\/vc_column][\/vc_row][vc_row][vc_column width=\u00a0\u00bb1\/2&Prime;]<div class=\"grve-element grve-image grve-align-center\">\r\n\t<div class=\"grve-image-item\">\r\n\t\t\r\n\r\n<div class=\"grve-image-wrapper grve-no-effect\">\r\n\t\t<div class=\"grve-thumbnail-wrapper\"  style=\"width: 1200px;\"><div class=\"grve-thumbnail\"  style=\"padding-top: 59.833%;\"><img decoding=\"async\" width=\"1200\" height=\"718\" src=\"http:\/\/garderieimagination.com\/wp-content\/uploads\/2022\/07\/6A3A7931-F-1.jpg\" class=\"attachment-full size-full\" alt=\"\" data-column-space=\"auto\" data-lazyload=\"\" data-grve-filter=\"yes\" srcset=\"http:\/\/garderieimagination.com\/wp-content\/uploads\/2022\/07\/6A3A7931-F-1.jpg 1200w, http:\/\/garderieimagination.com\/wp-content\/uploads\/2022\/07\/6A3A7931-F-1-300x180.jpg 300w, http:\/\/garderieimagination.com\/wp-content\/uploads\/2022\/07\/6A3A7931-F-1-1024x613.jpg 1024w, http:\/\/garderieimagination.com\/wp-content\/uploads\/2022\/07\/6A3A7931-F-1-768x460.jpg 768w, http:\/\/garderieimagination.com\/wp-content\/uploads\/2022\/07\/6A3A7931-F-1-600x359.jpg 600w\" sizes=\"(max-width: 1200px) 100vw, 1200px\" \/><\/div><\/div>\t<\/div>\r\n\t<\/div>\r\n<\/div>\r\n[\/vc_column][vc_column width=\u00a0\u00bb1\/2&Prime;][vc_column_text]<\/p>\n<div><\/div>\n<div>\n<p style=\"text-align: left;\"><em><strong>ART<\/strong><\/em><\/p>\n<p>Lorsque nous cr\u00e9ons de l\u2019art, nous elevons notre humeur, nous am\u00e9liorons note capacit\u00e9 a r\u00e9soudre des probl\u00e8mes et ouvrons notre esprit a de nouvelles id\u00e9es.<\/p>\n<p>L\u2019art est un verbe, parce que c\u2019est un action, avec un processus, un sens et une expression.<\/p>\n<div style=\"text-align: left;\"><\/div>\n<\/div>\n<p>[\/vc_column_text][\/vc_column][\/vc_row][vc_row][vc_column][vc_column_text]<em><strong>UNE JOURN\u00c9E AU QUOTIDIEN<\/strong><\/em><\/p>\n<p>Nous nous retirons dans nos classes et nous rassemblons nos pens\u00e9es (sur papier avec crayons)<\/p>\n<p>Ensuite nous participons au pow-wow pour discuter de la journ\u00e9e a venir, de nos int\u00e9r\u00eats, poser des questions et \u00e9couter les opinions de nos pairs.<\/p>\n<p><em><strong>Nous mangeons des fruits frais<\/strong><\/em><\/p>\n<p>Nous sortons, ou nous dansons, ou faisons du yoga, ou nous jouons dans le gym, courant partout sans souci du monde.<\/p>\n<p>Nous cr\u00e9ons, parfois de grands oeuvres, parfois des tres petits.On chante, on lit et on se parle.<\/p>\n<p><em><strong>Nous mangeons un d\u00e9jeuner sain.<\/strong><\/em><\/p>\n<p>Nous passons beaucoup de temps a apprendre a prendre soin de nous et des autres: se brosser les dents, se laver les mains, s\u2019habiller, aller aux toilettes, manger, se reposer, ranger, nettoyer, s\u2019hydrater\u2026<\/p>\n<p><em><strong>Nous jouons.<\/strong><\/em><\/p>\n<p>Nous sortons a nouveau, qu\u2019il pleuve ou qu\u2019il vente, qu\u2019il fasse chaud ou tres froid; nous aimons toutes les saisons et toutes les temperatures.Les gents nous surveillent, ils nous embrassent et nous parlent et s\u2019assurent que nous passons une belle journ\u00e9e.<\/p>\n<p>Et quand la journ\u00e9e nous pr\u00e9sente des d\u00e9fis, on se retire pour faire quelque chose de different jusqu\u2019\u00e0 ce que nous ayons envie de rejoindre nos amis.<\/p>\n<p><em><strong>Nous rions.<\/strong><\/em><\/p>\n<p>Et puis on attends que nos mamans et nos papas viennent nous r\u00e9cup\u00e9rer, pour qu\u2019on puisse rentrer se coucher, reposes pour recommencer le tout le lendemain.[\/vc_column_text][\/vc_column][\/vc_row][vc_row][vc_column][vc_column_text]<em><strong>S\u00c9CURIT\u00c9<\/strong><\/em> est un besoin fondamental et voici a quoi cela ressemble chez nous:<\/p>\n<ul>\n<li>respecter les limites en tant que membres d\u2019un groupe<\/li>\n<li>alimentation saine et eau propre<\/li>\n<li>repos<\/li>\n<li>grands espaces lumineux<\/li>\n<li>\u00eatre vu<\/li>\n<li>\u00eatre entendu<\/li>\n<li>bras aimants<\/li>\n<li>voix douces<\/li>\n<li>amities<\/li>\n<li>soutenir l\u2019individualit\u00e9<\/li>\n<\/ul>\n<p>Lorsque la famille sent en s\u00e9curit\u00e9 , les enfants se sentent en s\u00e9curit\u00e9 et s\u2019\u00e9panouissent. Dans l\u2019effort de prot\u00e9ger la sant\u00e9 mentale de nos enfants, nous nous concentrons a 100% sur la s\u00e9curit\u00e9. Dans l\u2019effort continue de prot\u00e9ger la sant\u00e9 mentale de nos employ\u00e9s et de nos clients, nous sommes a l\u2019\u00e9coute avec l\u2019esprit ouvert, et nous mettons l\u2019accent sur la communication.[\/vc_column_text][\/vc_column][\/vc_row]<\/p>\n","protected":false},"excerpt":{"rendered":"<p>[vc_row][vc_column][\/vc_column][\/vc_row][vc_row][vc_column width=\u00a0\u00bb2\/3&Prime;][\/vc_column][vc_column width=\u00a0\u00bb1\/3&Prime;][\/vc_column][\/vc_row][vc_row][vc_column][vc_column_text]\u00c9NONC\u00c9 DE MISSION Nous vous accueillons en tant que parent, en tant qu\u2019enseignant , en tant que personne et en tant qu\u2019enfant. Vos c\u00f4t\u00e9s \u00e9motifs, intellectuels, curieux, prudents, courageux, timides ou gr\u00e9gaires, votre nature dans toutes ses couleurs. Nous vous initierons a la gentillesse, la bienveillance et a l\u2019inclusion. Nous serons honn\u00eate, ouverts [&hellip;]<\/p>\n","protected":false},"author":1,"featured_media":0,"parent":0,"menu_order":0,"comment_status":"closed","ping_status":"closed","template":"","meta":{"content-type":"","footnotes":""},"class_list":["post-2319","page","type-page","status-publish","hentry","grve-entry-item"],"_links":{"self":[{"href":"http:\/\/garderieimagination.com\/fr\/wp-json\/wp\/v2\/pages\/2319","targetHints":{"allow":["GET"]}}],"collection":[{"href":"http:\/\/garderieimagination.com\/fr\/wp-json\/wp\/v2\/pages"}],"about":[{"href":"http:\/\/garderieimagination.com\/fr\/wp-json\/wp\/v2\/types\/page"}],"author":[{"embeddable":true,"href":"http:\/\/garderieimagination.com\/fr\/wp-json\/wp\/v2\/users\/1"}],"replies":[{"embeddable":true,"href":"http:\/\/garderieimagination.com\/fr\/wp-json\/wp\/v2\/comments?post=2319"}],"version-history":[{"count":8,"href":"http:\/\/garderieimagination.com\/fr\/wp-json\/wp\/v2\/pages\/2319\/revisions"}],"predecessor-version":[{"id":2513,"href":"http:\/\/garderieimagination.com\/fr\/wp-json\/wp\/v2\/pages\/2319\/revisions\/2513"}],"wp:attachment":[{"href":"http:\/\/garderieimagination.com\/fr\/wp-json\/wp\/v2\/media?parent=2319"}],"curies":[{"name":"wp","href":"https:\/\/api.w.org\/{rel}","templated":true}]}}