{"id":2314,"date":"2020-07-12T13:41:46","date_gmt":"2020-07-12T17:41:46","guid":{"rendered":"http:\/\/garderieimagination.com\/portfolio-classic-masonry\/"},"modified":"2025-11-05T12:50:41","modified_gmt":"2025-11-05T17:50:41","slug":"portfolio-classic-masonry","status":"publish","type":"page","link":"http:\/\/garderieimagination.com\/fr\/","title":{"rendered":"Bienvenue"},"content":{"rendered":"<p>[vc_row section_type=\u00a0\u00bbfullwidth\u00a0\u00bb padding_bottom_multiplier=\u00a0\u00bb\u00a0\u00bb rc_bg_type=\u00a0\u00bbcolor\u00a0\u00bb scroll_header_skin=\u00a0\u00bblight\u00a0\u00bb rc_bg_color=\u00a0\u00bb#000000&Prime;][vc_column content_width=\u00a0\u00bb90&Prime; horizontal_content_position=\u00a0\u00bbcenter\u00a0\u00bb][vc_row_inner padding_bottom_multiplier=\u00a0\u00bbcustom\u00a0\u00bb padding_bottom=\u00a0\u00bb10px\u00a0\u00bb][vc_column_inner]<div class=\"grve-empty-space grve-height-4x\"><\/div>[vc_custom_heading text=\u00a0\u00bbCeux qui savent, savent\u2026\u00a0\u00bb font_container=\u00a0\u00bbtag:h2|text_align:center\u00a0\u00bb]<div class=\"grve-empty-space grve-height-4x\"><\/div>[\/vc_column_inner][\/vc_row_inner][vc_row_inner padding_bottom_multiplier=\u00a0\u00bbcustom\u00a0\u00bb padding_bottom=\u00a0\u00bb10px\u00a0\u00bb][vc_column_inner]<div data-display-style=\"pagination\" data-spinner=\"no\" data-columns-large-screen=\"4\" data-columns=\"3\" data-columns-tablet-landscape=\"2\" data-columns-tablet-portrait=\"2\" data-columns-mobile=\"1\" data-layout=\"masonry\" data-gutter-size=\"5\" data-animation=\"none\" class=\"grve-element grve-portfolio grve-isotope grve-with-gap grve-auto-headings\" id=\"el-1666289117838-4137901a-7d46\">\r\n\t<div class=\"grve-isotope-container\">\r\n\t\t<div class=\"grve-grid-sizer\"><\/div>\r\n\t\r\n\t\t<div class=\"post-2335 portfolio type-portfolio status-publish has-post-thumbnail hentry portfolio_category-home-page-fr grve-entry-item\">\r\n\t\t\t<div class=\"grve-isotope-item-inner grve-image-square\">\r\n\t\t\t\t<div class=\"grve-hover-item grve-thumb-mouse-move grve-hover-style-6\">\r\n\t<div class=\"grve-image-hover grve-media\">\r\n\t\t\t\t<a class=\"grve-item-url grve-quick-view-link\" href=\"#\" data-post-id=\"2335\"><\/a>\r\n\t\t\t\t<div class=\"grve-thumbnail-wrapper\"><div class=\"grve-thumbnail\"  style=\"padding-top: 145.052%;\"><img fetchpriority=\"high\" decoding=\"async\" width=\"768\" height=\"1114\" src=\"http:\/\/garderieimagination.com\/wp-content\/uploads\/2022\/07\/6A3A7707-F-768x1114.jpg\" class=\"attachment-medium_large size-medium_large\" alt=\"\" data-column-space=\"100\" data-lazyload=\"\" data-grve-filter=\"yes\" srcset=\"http:\/\/garderieimagination.com\/wp-content\/uploads\/2022\/07\/6A3A7707-F-768x1114.jpg 768w, http:\/\/garderieimagination.com\/wp-content\/uploads\/2022\/07\/6A3A7707-F-207x300.jpg 207w, http:\/\/garderieimagination.com\/wp-content\/uploads\/2022\/07\/6A3A7707-F-706x1024.jpg 706w, http:\/\/garderieimagination.com\/wp-content\/uploads\/2022\/07\/6A3A7707-F-600x871.jpg 600w, http:\/\/garderieimagination.com\/wp-content\/uploads\/2022\/07\/6A3A7707-F.jpg 827w\" sizes=\"(max-width: 768px) 100vw, 768px\" \/><\/div><\/div>\t\t\t\t<div class=\"grve-bg-black grve-hover-overlay grve-opacity-10\"><\/div>\r\n\t\t\t\t<div class=\"grve-content\">\r\n\t\t\t<div class=\"grve-content-inner\">\r\n\t\t\t\t\t\t\t\t\t\t\t<\/div>\r\n\t\t<\/div>\r\n\t<\/div>\r\n<\/div>\r\n\t\t\t<\/div>\r\n\t\t<\/div>\r\n\t\r\n\t\t<div class=\"post-2336 portfolio type-portfolio status-publish has-post-thumbnail hentry portfolio_category-home-page-fr grve-entry-item\">\r\n\t\t\t<div class=\"grve-isotope-item-inner grve-image-square\">\r\n\t\t\t\t<div class=\"grve-hover-item grve-thumb-mouse-move grve-hover-style-6\">\r\n\t<div class=\"grve-image-hover grve-media\">\r\n\t\t\t\t<a class=\"grve-item-url grve-quick-view-link\" href=\"#\" data-post-id=\"2336\"><\/a>\r\n\t\t\t\t<div class=\"grve-thumbnail-wrapper\"><div class=\"grve-thumbnail\"  style=\"padding-top: 66.667%;\"><img decoding=\"async\" width=\"768\" height=\"512\" src=\"http:\/\/garderieimagination.com\/wp-content\/uploads\/2022\/07\/6A3A9916-Edit-1-768x512.jpg\" class=\"attachment-medium_large size-medium_large\" alt=\"\" data-column-space=\"100\" data-lazyload=\"\" data-grve-filter=\"yes\" srcset=\"http:\/\/garderieimagination.com\/wp-content\/uploads\/2022\/07\/6A3A9916-Edit-1-768x512.jpg 768w, http:\/\/garderieimagination.com\/wp-content\/uploads\/2022\/07\/6A3A9916-Edit-1-300x200.jpg 300w, http:\/\/garderieimagination.com\/wp-content\/uploads\/2022\/07\/6A3A9916-Edit-1-1024x683.jpg 1024w, http:\/\/garderieimagination.com\/wp-content\/uploads\/2022\/07\/6A3A9916-Edit-1-600x400.jpg 600w, http:\/\/garderieimagination.com\/wp-content\/uploads\/2022\/07\/6A3A9916-Edit-1.jpg 1200w\" sizes=\"(max-width: 768px) 100vw, 768px\" \/><\/div><\/div>\t\t\t\t<div class=\"grve-bg-black grve-hover-overlay grve-opacity-10\"><\/div>\r\n\t\t\t\t<div class=\"grve-content\">\r\n\t\t\t<div class=\"grve-content-inner\">\r\n\t\t\t\t\t\t\t\t\t\t\t<\/div>\r\n\t\t<\/div>\r\n\t<\/div>\r\n<\/div>\r\n\t\t\t<\/div>\r\n\t\t<\/div>\r\n\t\r\n\t\t<div class=\"post-2337 portfolio type-portfolio status-publish has-post-thumbnail hentry portfolio_category-home-page-fr grve-entry-item\">\r\n\t\t\t<div class=\"grve-isotope-item-inner grve-image-square\">\r\n\t\t\t\t<div class=\"grve-hover-item grve-thumb-mouse-move grve-hover-style-6\">\r\n\t<div class=\"grve-image-hover grve-media\">\r\n\t\t\t\t<a class=\"grve-item-url grve-quick-view-link\" href=\"#\" data-post-id=\"2337\"><\/a>\r\n\t\t\t\t<div class=\"grve-thumbnail-wrapper\"><div class=\"grve-thumbnail\"  style=\"padding-top: 59.896%;\"><img decoding=\"async\" width=\"768\" height=\"460\" src=\"http:\/\/garderieimagination.com\/wp-content\/uploads\/2022\/07\/6A3A7931-F-1-768x460.jpg\" class=\"attachment-medium_large size-medium_large\" alt=\"\" data-column-space=\"100\" data-lazyload=\"\" data-grve-filter=\"yes\" srcset=\"http:\/\/garderieimagination.com\/wp-content\/uploads\/2022\/07\/6A3A7931-F-1-768x460.jpg 768w, http:\/\/garderieimagination.com\/wp-content\/uploads\/2022\/07\/6A3A7931-F-1-300x180.jpg 300w, http:\/\/garderieimagination.com\/wp-content\/uploads\/2022\/07\/6A3A7931-F-1-1024x613.jpg 1024w, http:\/\/garderieimagination.com\/wp-content\/uploads\/2022\/07\/6A3A7931-F-1-600x359.jpg 600w, http:\/\/garderieimagination.com\/wp-content\/uploads\/2022\/07\/6A3A7931-F-1.jpg 1200w\" sizes=\"(max-width: 768px) 100vw, 768px\" \/><\/div><\/div>\t\t\t\t<div class=\"grve-bg-black grve-hover-overlay grve-opacity-10\"><\/div>\r\n\t\t\t\t<div class=\"grve-content\">\r\n\t\t\t<div class=\"grve-content-inner\">\r\n\t\t\t\t\t\t\t\t\t\t\t<\/div>\r\n\t\t<\/div>\r\n\t<\/div>\r\n<\/div>\r\n\t\t\t<\/div>\r\n\t\t<\/div>\r\n\t\r\n\t\t<div class=\"post-2338 portfolio type-portfolio status-publish has-post-thumbnail hentry grve-entry-item\">\r\n\t\t\t<div class=\"grve-isotope-item-inner grve-image-square\">\r\n\t\t\t\t<div class=\"grve-hover-item grve-thumb-mouse-move grve-hover-style-6\">\r\n\t<div class=\"grve-image-hover grve-media\">\r\n\t\t\t\t<a class=\"grve-item-url grve-quick-view-link\" href=\"#\" data-post-id=\"2338\"><\/a>\r\n\t\t\t\t<div class=\"grve-thumbnail-wrapper\"><div class=\"grve-thumbnail\"  style=\"padding-top: 82.161%;\"><img loading=\"lazy\" decoding=\"async\" width=\"768\" height=\"631\" src=\"http:\/\/garderieimagination.com\/wp-content\/uploads\/2022\/07\/6A3A8346-Edit-1-768x631.jpg\" class=\"attachment-medium_large size-medium_large\" alt=\"\" data-column-space=\"100\" data-lazyload=\"\" data-grve-filter=\"yes\" srcset=\"http:\/\/garderieimagination.com\/wp-content\/uploads\/2022\/07\/6A3A8346-Edit-1-768x631.jpg 768w, http:\/\/garderieimagination.com\/wp-content\/uploads\/2022\/07\/6A3A8346-Edit-1-300x247.jpg 300w, http:\/\/garderieimagination.com\/wp-content\/uploads\/2022\/07\/6A3A8346-Edit-1-1024x841.jpg 1024w, http:\/\/garderieimagination.com\/wp-content\/uploads\/2022\/07\/6A3A8346-Edit-1-600x493.jpg 600w, http:\/\/garderieimagination.com\/wp-content\/uploads\/2022\/07\/6A3A8346-Edit-1.jpg 1200w\" sizes=\"(max-width: 768px) 100vw, 768px\" \/><\/div><\/div>\t\t\t\t<div class=\"grve-bg-black grve-hover-overlay grve-opacity-10\"><\/div>\r\n\t\t\t\t<div class=\"grve-content\">\r\n\t\t\t<div class=\"grve-content-inner\">\r\n\t\t\t\t\t\t\t\t\t\t\t\t<div class=\"grve-description grve-text-default\">\r\n\u00ab Les enfants sont des \u00eatres humains auxquels le respect est d\u00fb, sup\u00e9rieurs \u00e0 nous en raison de leur innocences et de leur plus grand potentiel.\u00bb - Maria Montessori<\/div>\r\n\t\t\t\t\t\t\t<\/div>\r\n\t\t<\/div>\r\n\t<\/div>\r\n<\/div>\r\n\t\t\t<\/div>\r\n\t\t<\/div>\r\n\t\r\n\t\t<div class=\"post-2339 portfolio type-portfolio status-publish has-post-thumbnail hentry portfolio_category-home-page-fr grve-entry-item\">\r\n\t\t\t<div class=\"grve-isotope-item-inner grve-image-square\">\r\n\t\t\t\t<div class=\"grve-hover-item grve-thumb-mouse-move grve-hover-style-6\">\r\n\t<div class=\"grve-image-hover grve-media\">\r\n\t\t\t\t<a class=\"grve-item-url grve-quick-view-link\" href=\"#\" data-post-id=\"2339\"><\/a>\r\n\t\t\t\t<div class=\"grve-thumbnail-wrapper\"><div class=\"grve-thumbnail\"  style=\"padding-top: 66.667%;\"><img loading=\"lazy\" decoding=\"async\" width=\"768\" height=\"512\" src=\"http:\/\/garderieimagination.com\/wp-content\/uploads\/2022\/07\/6A3A8288-F-768x512.jpg\" class=\"attachment-medium_large size-medium_large\" alt=\"\" data-column-space=\"100\" data-lazyload=\"\" data-grve-filter=\"yes\" srcset=\"http:\/\/garderieimagination.com\/wp-content\/uploads\/2022\/07\/6A3A8288-F-768x512.jpg 768w, http:\/\/garderieimagination.com\/wp-content\/uploads\/2022\/07\/6A3A8288-F-300x200.jpg 300w, http:\/\/garderieimagination.com\/wp-content\/uploads\/2022\/07\/6A3A8288-F-1024x683.jpg 1024w, http:\/\/garderieimagination.com\/wp-content\/uploads\/2022\/07\/6A3A8288-F-600x400.jpg 600w, http:\/\/garderieimagination.com\/wp-content\/uploads\/2022\/07\/6A3A8288-F.jpg 1200w\" sizes=\"(max-width: 768px) 100vw, 768px\" \/><\/div><\/div>\t\t\t\t<div class=\"grve-bg-black grve-hover-overlay grve-opacity-10\"><\/div>\r\n\t\t\t\t<div class=\"grve-content\">\r\n\t\t\t<div class=\"grve-content-inner\">\r\n\t\t\t\t\t\t<h3 class=\"grve-title grve-h4 grve-text-white\"><span>EXPRESSION<\/span><\/h3>\r\n\t\t\t\t\t\t\t\t\t<div class=\"grve-description grve-text-default\">L'ART EST UN VERBE. PARCE QUE C'EST UN PROCESSUS. PARCE QUE C'EST UN SENS, UNE EXPRESSION.<\/div>\r\n\t\t\t\t\t\t\t<\/div>\r\n\t\t<\/div>\r\n\t<\/div>\r\n<\/div>\r\n\t\t\t<\/div>\r\n\t\t<\/div>\r\n\t\r\n\t\t<div class=\"post-2340 portfolio type-portfolio status-publish has-post-thumbnail hentry grve-entry-item\">\r\n\t\t\t<div class=\"grve-isotope-item-inner grve-image-square\">\r\n\t\t\t\t<div class=\"grve-hover-item grve-thumb-mouse-move grve-hover-style-6\">\r\n\t<div class=\"grve-image-hover grve-media\">\r\n\t\t\t\t<a class=\"grve-item-url grve-quick-view-link\" href=\"#\" data-post-id=\"2340\"><\/a>\r\n\t\t\t\t<div class=\"grve-thumbnail-wrapper\"><div class=\"grve-thumbnail\"  style=\"padding-top: 127.083%;\"><img loading=\"lazy\" decoding=\"async\" width=\"768\" height=\"976\" src=\"http:\/\/garderieimagination.com\/wp-content\/uploads\/2022\/07\/6A3A7964-F-768x976.jpg\" class=\"attachment-medium_large size-medium_large\" alt=\"\" data-column-space=\"100\" data-lazyload=\"\" data-grve-filter=\"yes\" srcset=\"http:\/\/garderieimagination.com\/wp-content\/uploads\/2022\/07\/6A3A7964-F-768x976.jpg 768w, http:\/\/garderieimagination.com\/wp-content\/uploads\/2022\/07\/6A3A7964-F-236x300.jpg 236w, http:\/\/garderieimagination.com\/wp-content\/uploads\/2022\/07\/6A3A7964-F-806x1024.jpg 806w, http:\/\/garderieimagination.com\/wp-content\/uploads\/2022\/07\/6A3A7964-F-600x763.jpg 600w, http:\/\/garderieimagination.com\/wp-content\/uploads\/2022\/07\/6A3A7964-F.jpg 944w\" sizes=\"(max-width: 768px) 100vw, 768px\" \/><\/div><\/div>\t\t\t\t<div class=\"grve-bg-black grve-hover-overlay grve-opacity-10\"><\/div>\r\n\t\t\t\t<div class=\"grve-content\">\r\n\t\t\t<div class=\"grve-content-inner\">\r\n\t\t\t\t\t\t<h3 class=\"grve-title grve-h4 grve-text-white\"><span>LIBERT\u00c9<\/span><\/h3>\r\n\t\t\t\t\t\t\t\t<\/div>\r\n\t\t<\/div>\r\n\t<\/div>\r\n<\/div>\r\n\t\t\t<\/div>\r\n\t\t<\/div>\r\n\t\r\n\t\t<div class=\"post-2342 portfolio type-portfolio status-publish has-post-thumbnail hentry grve-entry-item\">\r\n\t\t\t<div class=\"grve-isotope-item-inner grve-image-square\">\r\n\t\t\t\t<div class=\"grve-hover-item grve-thumb-mouse-move grve-hover-style-6\">\r\n\t<div class=\"grve-image-hover grve-media\">\r\n\t\t\t\t<a class=\"grve-item-url grve-quick-view-link\" href=\"#\" data-post-id=\"2342\"><\/a>\r\n\t\t\t\t<div class=\"grve-thumbnail-wrapper\"><div class=\"grve-thumbnail\"  style=\"padding-top: 66.667%;\"><img loading=\"lazy\" decoding=\"async\" width=\"768\" height=\"512\" src=\"http:\/\/garderieimagination.com\/wp-content\/uploads\/2022\/07\/6A3A8433-F-768x512.jpg\" class=\"attachment-medium_large size-medium_large\" alt=\"\" data-column-space=\"100\" data-lazyload=\"\" data-grve-filter=\"yes\" srcset=\"http:\/\/garderieimagination.com\/wp-content\/uploads\/2022\/07\/6A3A8433-F-768x512.jpg 768w, http:\/\/garderieimagination.com\/wp-content\/uploads\/2022\/07\/6A3A8433-F-300x200.jpg 300w, http:\/\/garderieimagination.com\/wp-content\/uploads\/2022\/07\/6A3A8433-F-1024x683.jpg 1024w, http:\/\/garderieimagination.com\/wp-content\/uploads\/2022\/07\/6A3A8433-F-600x400.jpg 600w, http:\/\/garderieimagination.com\/wp-content\/uploads\/2022\/07\/6A3A8433-F.jpg 1200w\" sizes=\"(max-width: 768px) 100vw, 768px\" \/><\/div><\/div>\t\t\t\t<div class=\"grve-bg-black grve-hover-overlay grve-opacity-10\"><\/div>\r\n\t\t\t\t<div class=\"grve-content\">\r\n\t\t\t<div class=\"grve-content-inner\">\r\n\t\t\t\t\t\t\t\t\t\t\t\t<div class=\"grve-description grve-text-default\">\u00ab Il n'y a rien dans une chenille qui vous dit que ce sera un papillon.\u00bb -Buckminster Fuller<\/div>\r\n\t\t\t\t\t\t\t<\/div>\r\n\t\t<\/div>\r\n\t<\/div>\r\n<\/div>\r\n\t\t\t<\/div>\r\n\t\t<\/div>\r\n\t\r\n\t\t<div class=\"post-2344 portfolio type-portfolio status-publish has-post-thumbnail hentry grve-entry-item\">\r\n\t\t\t<div class=\"grve-isotope-item-inner grve-image-square\">\r\n\t\t\t\t<div class=\"grve-hover-item grve-thumb-mouse-move grve-hover-style-6\">\r\n\t<div class=\"grve-image-hover grve-media\">\r\n\t\t\t\t<a class=\"grve-item-url grve-quick-view-link\" href=\"#\" data-post-id=\"2344\"><\/a>\r\n\t\t\t\t<div class=\"grve-thumbnail-wrapper\"><div class=\"grve-thumbnail\"  style=\"padding-top: 150%;\"><img loading=\"lazy\" decoding=\"async\" width=\"768\" height=\"1152\" src=\"http:\/\/garderieimagination.com\/wp-content\/uploads\/2022\/07\/6A3A0083-F-768x1152.jpg\" class=\"attachment-medium_large size-medium_large\" alt=\"\" data-column-space=\"100\" data-lazyload=\"\" data-grve-filter=\"yes\" srcset=\"http:\/\/garderieimagination.com\/wp-content\/uploads\/2022\/07\/6A3A0083-F-768x1152.jpg 768w, http:\/\/garderieimagination.com\/wp-content\/uploads\/2022\/07\/6A3A0083-F-200x300.jpg 200w, http:\/\/garderieimagination.com\/wp-content\/uploads\/2022\/07\/6A3A0083-F-683x1024.jpg 683w, http:\/\/garderieimagination.com\/wp-content\/uploads\/2022\/07\/6A3A0083-F-600x900.jpg 600w, http:\/\/garderieimagination.com\/wp-content\/uploads\/2022\/07\/6A3A0083-F.jpg 800w\" sizes=\"(max-width: 768px) 100vw, 768px\" \/><\/div><\/div>\t\t\t\t<div class=\"grve-bg-black grve-hover-overlay grve-opacity-10\"><\/div>\r\n\t\t\t\t<div class=\"grve-content\">\r\n\t\t\t<div class=\"grve-content-inner\">\r\n\t\t\t\t\t\t\t\t\t\t\t<\/div>\r\n\t\t<\/div>\r\n\t<\/div>\r\n<\/div>\r\n\t\t\t<\/div>\r\n\t\t<\/div>\r\n\t\r\n\t\t<div class=\"post-2345 portfolio type-portfolio status-publish has-post-thumbnail hentry portfolio_category-home-page-fr grve-entry-item\">\r\n\t\t\t<div class=\"grve-isotope-item-inner grve-image-square\">\r\n\t\t\t\t<div class=\"grve-hover-item grve-thumb-mouse-move grve-hover-style-6\">\r\n\t<div class=\"grve-image-hover grve-media\">\r\n\t\t\t\t<a class=\"grve-item-url grve-quick-view-link\" href=\"#\" data-post-id=\"2345\"><\/a>\r\n\t\t\t\t<div class=\"grve-thumbnail-wrapper\"><div class=\"grve-thumbnail\"  style=\"padding-top: 67.448%;\"><img loading=\"lazy\" decoding=\"async\" width=\"768\" height=\"518\" src=\"http:\/\/garderieimagination.com\/wp-content\/uploads\/2022\/07\/6A3A8618-F-768x518.jpg\" class=\"attachment-medium_large size-medium_large\" alt=\"\" data-column-space=\"100\" data-lazyload=\"\" data-grve-filter=\"yes\" srcset=\"http:\/\/garderieimagination.com\/wp-content\/uploads\/2022\/07\/6A3A8618-F-768x518.jpg 768w, http:\/\/garderieimagination.com\/wp-content\/uploads\/2022\/07\/6A3A8618-F-300x203.jpg 300w, http:\/\/garderieimagination.com\/wp-content\/uploads\/2022\/07\/6A3A8618-F-1024x691.jpg 1024w, http:\/\/garderieimagination.com\/wp-content\/uploads\/2022\/07\/6A3A8618-F-600x405.jpg 600w, http:\/\/garderieimagination.com\/wp-content\/uploads\/2022\/07\/6A3A8618-F.jpg 1200w\" sizes=\"(max-width: 768px) 100vw, 768px\" \/><\/div><\/div>\t\t\t\t<div class=\"grve-bg-black grve-hover-overlay grve-opacity-10\"><\/div>\r\n\t\t\t\t<div class=\"grve-content\">\r\n\t\t\t<div class=\"grve-content-inner\">\r\n\t\t\t\t\t\t<h3 class=\"grve-title grve-h4 grve-text-white\"><span>S\u00c9CURIT\u00c9<\/span><\/h3>\r\n\t\t\t\t\t\t\t\t<\/div>\r\n\t\t<\/div>\r\n\t<\/div>\r\n<\/div>\r\n\t\t\t<\/div>\r\n\t\t<\/div>\r\n\t<\/div>\r\n<\/div>\r\n[\/vc_column_inner][\/vc_row_inner][\/vc_column][\/vc_row][vc_row][vc_column]<blockquote data-animation=\"fade-in-right\" data-delay=\"1000\" data-duration=\"normal\" class=\"grve-element grve-quote-element grve-align-left grve-animated-item\"><p>\u00ab D\u2019imaginer nos petits comp\u00e9tents et intelligents, des \u00eatres r\u00e9ceptifs qui participes activement \u00e0 la vie, entrepreneur d\u2019activit\u00e9s et sensibles \u00e0 recevoir ou rendre nos efforts d\u2019expression, ils manifesteront ces id\u00e9es en pl\u00e9nitude.\u00bb<br \/>\n&#8211; Janet Lansbury<\/p><\/blockquote><div class=\"grve-empty-space grve-height-1x\"><\/div><div class=\"grve-element grve-divider\" style=\"padding-top: 0px;padding-bottom: 0px;\"><div class=\"grve-line-divider grve-border\"><\/div><\/div>[\/vc_column][\/vc_row][vc_row section_id=\u00a0\u00bbCampus\u00a0\u00bb][vc_column rc_add_shadow=\u00a0\u00bbsmall-shadow\u00a0\u00bb][vc_custom_heading text=\u00a0\u00bbNos campus\u00a0\u00bb font_container=\u00a0\u00bbtag:h4|text_align:left\u00a0\u00bb use_theme_fonts=\u00a0\u00bbyes\u00a0\u00bb][\/vc_column][\/vc_row][vc_row padding_bottom_multiplier=\u00a0\u00bb\u00a0\u00bb columns_gap=\u00a0\u00bbnone\u00a0\u00bb][vc_column width=\u00a0\u00bb1\/3&Prime;][vc_column_text]<\/p>\n<div style=\"text-align: center;\">Garderie Imagination DIX30<br \/>\n7200 boul. du Quartier, bureau 200<br \/>\nBrossard (QC)<br \/>\nJ4Y 0B5<\/div>\n<div style=\"text-align: center;\">450-904-7200<\/div>\n<p>[\/vc_column_text][\/vc_column][vc_column width=\u00a0\u00bb1\/3&Prime; grve_css=\u00a0\u00bb{\u00ab\u00a0desktop\u00ab\u00a0:{\u00ab\u00a0border-style\u00ab\u00a0:\u00ab\u00a0solid\u00ab\u00a0,\u00ab\u00a0class\u00ab\u00a0:\u00ab\u00a0grve-wpb-1661268194841\u00ab\u00a0}}\u00a0\u00bb][vc_column_text]<\/p>\n<div style=\"text-align: center;\">Garderie Imagination DUKE<br \/>\n351 rue Robert-Bourassa<br \/>\nMontr\u00e9al (QC)<br \/>\nH3C 2M3<\/div>\n<div style=\"text-align: center;\">514-789-0656<\/div>\n<div style=\"text-align: center;\"><\/div>\n<p>[\/vc_column_text][\/vc_column][vc_column width=\u00a0\u00bb1\/3&Prime;][vc_column_text]<\/p>\n<div style=\"text-align: center;\"><em><strong>Garderie Imagination OUEST<\/strong><\/em><br \/>\n1040 Lacasse,<br \/>\nMontr\u00e9al (QC)<br \/>\nH4C 2Z3<\/div>\n<div style=\"text-align: center;\">514-419-9939<\/div>\n<p>[\/vc_column_text][\/vc_column][\/vc_row][vc_row][vc_column]<div class=\"grve-empty-space grve-height-1x\"><\/div>[\/vc_column][\/vc_row]<\/p>\n","protected":false},"excerpt":{"rendered":"<p>[vc_row section_type=\u00a0\u00bbfullwidth\u00a0\u00bb padding_bottom_multiplier=\u00a0\u00bb\u00a0\u00bb rc_bg_type=\u00a0\u00bbcolor\u00a0\u00bb scroll_header_skin=\u00a0\u00bblight\u00a0\u00bb rc_bg_color=\u00a0\u00bb#000000&Prime;][vc_column content_width=\u00a0\u00bb90&Prime; horizontal_content_position=\u00a0\u00bbcenter\u00a0\u00bb][vc_row_inner padding_bottom_multiplier=\u00a0\u00bbcustom\u00a0\u00bb padding_bottom=\u00a0\u00bb10px\u00a0\u00bb][vc_column_inner][vc_custom_heading text=\u00a0\u00bbCeux qui savent, savent\u2026\u00a0\u00bb font_container=\u00a0\u00bbtag:h2|text_align:center\u00a0\u00bb][\/vc_column_inner][\/vc_row_inner][vc_row_inner padding_bottom_multiplier=\u00a0\u00bbcustom\u00a0\u00bb padding_bottom=\u00a0\u00bb10px\u00a0\u00bb][vc_column_inner][\/vc_column_inner][\/vc_row_inner][\/vc_column][\/vc_row][vc_row][vc_column][\/vc_column][\/vc_row][vc_row section_id=\u00a0\u00bbCampus\u00a0\u00bb][vc_column rc_add_shadow=\u00a0\u00bbsmall-shadow\u00a0\u00bb][vc_custom_heading text=\u00a0\u00bbNos campus\u00a0\u00bb font_container=\u00a0\u00bbtag:h4|text_align:left\u00a0\u00bb use_theme_fonts=\u00a0\u00bbyes\u00a0\u00bb][\/vc_column][\/vc_row][vc_row padding_bottom_multiplier=\u00a0\u00bb\u00a0\u00bb columns_gap=\u00a0\u00bbnone\u00a0\u00bb][vc_column width=\u00a0\u00bb1\/3&Prime;][vc_column_text] Garderie Imagination DIX30 7200 boul. du Quartier, bureau 200 Brossard (QC) J4Y 0B5 450-904-7200 [\/vc_column_text][\/vc_column][vc_column width=\u00a0\u00bb1\/3&Prime; grve_css=\u00a0\u00bb{\u00ab\u00a0desktop\u00ab\u00a0:{\u00ab\u00a0border-style\u00ab\u00a0:\u00ab\u00a0solid\u00ab\u00a0,\u00ab\u00a0class\u00ab\u00a0:\u00ab\u00a0grve-wpb-1661268194841\u00ab\u00a0}}\u00a0\u00bb][vc_column_text] Garderie Imagination DUKE 351 rue Robert-Bourassa Montr\u00e9al (QC) H3C 2M3 514-789-0656 [\/vc_column_text][\/vc_column][vc_column [&hellip;]<\/p>\n","protected":false},"author":1,"featured_media":0,"parent":0,"menu_order":0,"comment_status":"closed","ping_status":"closed","template":"","meta":{"content-type":"","footnotes":""},"class_list":["post-2314","page","type-page","status-publish","hentry","grve-entry-item"],"_links":{"self":[{"href":"http:\/\/garderieimagination.com\/fr\/wp-json\/wp\/v2\/pages\/2314","targetHints":{"allow":["GET"]}}],"collection":[{"href":"http:\/\/garderieimagination.com\/fr\/wp-json\/wp\/v2\/pages"}],"about":[{"href":"http:\/\/garderieimagination.com\/fr\/wp-json\/wp\/v2\/types\/page"}],"author":[{"embeddable":true,"href":"http:\/\/garderieimagination.com\/fr\/wp-json\/wp\/v2\/users\/1"}],"replies":[{"embeddable":true,"href":"http:\/\/garderieimagination.com\/fr\/wp-json\/wp\/v2\/comments?post=2314"}],"version-history":[{"count":8,"href":"http:\/\/garderieimagination.com\/fr\/wp-json\/wp\/v2\/pages\/2314\/revisions"}],"predecessor-version":[{"id":2493,"href":"http:\/\/garderieimagination.com\/fr\/wp-json\/wp\/v2\/pages\/2314\/revisions\/2493"}],"wp:attachment":[{"href":"http:\/\/garderieimagination.com\/fr\/wp-json\/wp\/v2\/media?parent=2314"}],"curies":[{"name":"wp","href":"https:\/\/api.w.org\/{rel}","templated":true}]}}